{"id":15764,"date":"2024-08-05T09:54:28","date_gmt":"2024-08-05T09:54:28","guid":{"rendered":"https:\/\/vatrometshop.com\/?page_id=15764"},"modified":"2025-05-09T19:18:57","modified_gmt":"2025-05-09T17:18:57","slug":"info-pages","status":"publish","type":"page","link":"https:\/\/vatrometshop.com\/en\/info-stranice\/","title":{"rendered":"Info pages"},"content":{"rendered":"<div data-elementor-type=\"wp-page\" data-elementor-id=\"15764\" class=\"elementor elementor-15764\" data-elementor-post-type=\"page\">\n\t\t\t\t<div class=\"wd-negative-gap elementor-element elementor-element-7ea9ab8 e-flex e-con-boxed e-con e-parent\" data-id=\"7ea9ab8\" data-element_type=\"container\" data-e-type=\"container\">\n\t\t\t\t\t<div class=\"e-con-inner\">\n\t\t\t\t<div class=\"elementor-element elementor-element-7c914a3 color-scheme-inherit text-left elementor-widget elementor-widget-text-editor\" data-id=\"7c914a3\" data-element_type=\"widget\" data-e-type=\"widget\" data-widget_type=\"text-editor.default\">\n\t\t\t\t<div class=\"elementor-widget-container\">\n\t\t\t\t\t\t\t\t\t<p style=\"text-align: justify;\">You can view all information and service pages below:<\/p><ul><li><a href=\"\/en\/info-pages\/terms-of-use\/\">Terms of use<\/a><\/li><li><a href=\"\/en\/info-pages\/payment-method\/\">Payment methods<\/a><\/li><li><a href=\"\/en\/info-pages\/privacy-policy\/\">Privacy Policy<\/a><\/li><li><a href=\"\/en\/info-pages\/right-to-withdraw\/\">Right to withdraw<\/a><\/li><li><a href=\"\/en\/info-pages\/complaints\/\">Complaints<\/a><\/li><li><a href=\"\/en\/info-pages\/delivery\/\">Delivery information<\/a><\/li><li><a href=\"\/en\/info-pages\/cookie-notice\/\">Cookie Notice<\/a><\/li><li><a href=\"\/en\/info-pages\/faq\/\">Frequently asked questions<\/a><\/li><li><a href=\"\/en\/info-pages\/replacement-of-items\/\">Item replacement<\/a><\/li><\/ul>\t\t\t\t\t\t\t\t<\/div>\n\t\t\t\t<\/div>\n\t\t\t\t\t<\/div>\n\t\t\t\t<\/div>\n\t\t\t\t<\/div>","protected":false},"excerpt":{"rendered":"<p>Sve informativne strane i strane servisa mo\u017eete pogledati ispod: Uslovi kori\u0161\u0107enja Na\u010dini pla\u0107anja Politika privatnosti Pravo na odustajanje Reklamacije Informacije<\/p>","protected":false},"author":1,"featured_media":0,"parent":0,"menu_order":0,"comment_status":"closed","ping_status":"closed","template":"elementor_header_footer","meta":{"footnotes":""},"class_list":["post-15764","page","type-page","status-publish","hentry"],"_links":{"self":[{"href":"https:\/\/vatrometshop.com\/en\/wp-json\/wp\/v2\/pages\/15764","targetHints":{"allow":["GET"]}}],"collection":[{"href":"https:\/\/vatrometshop.com\/en\/wp-json\/wp\/v2\/pages"}],"about":[{"href":"https:\/\/vatrometshop.com\/en\/wp-json\/wp\/v2\/types\/page"}],"author":[{"embeddable":true,"href":"https:\/\/vatrometshop.com\/en\/wp-json\/wp\/v2\/users\/1"}],"replies":[{"embeddable":true,"href":"https:\/\/vatrometshop.com\/en\/wp-json\/wp\/v2\/comments?post=15764"}],"version-history":[{"count":0,"href":"https:\/\/vatrometshop.com\/en\/wp-json\/wp\/v2\/pages\/15764\/revisions"}],"wp:attachment":[{"href":"https:\/\/vatrometshop.com\/en\/wp-json\/wp\/v2\/media?parent=15764"}],"curies":[{"name":"wp","href":"https:\/\/api.w.org\/{rel}","templated":true}]}}