{"id":15798,"date":"2024-08-05T12:50:34","date_gmt":"2024-08-05T12:50:34","guid":{"rendered":"https:\/\/vatrometshop.com\/?page_id=15798"},"modified":"2025-05-09T19:19:44","modified_gmt":"2025-05-09T17:19:44","slug":"payment-method","status":"publish","type":"page","link":"https:\/\/vatrometshop.com\/en\/info-stranice\/nacin-placanja\/","title":{"rendered":"Payment methods"},"content":{"rendered":"<div data-elementor-type=\"wp-page\" data-elementor-id=\"15798\" class=\"elementor elementor-15798\" data-elementor-post-type=\"page\">\n\t\t\t\t<div class=\"wd-negative-gap elementor-element elementor-element-fde2f7a e-flex e-con-boxed e-con e-parent\" data-id=\"fde2f7a\" data-element_type=\"container\" data-e-type=\"container\">\n\t\t\t\t\t<div class=\"e-con-inner\">\n\t\t\t\t<div class=\"elementor-element elementor-element-350648d color-scheme-inherit text-left elementor-widget elementor-widget-text-editor\" data-id=\"350648d\" data-element_type=\"widget\" data-e-type=\"widget\" data-widget_type=\"text-editor.default\">\n\t\t\t\t<div class=\"elementor-widget-container\">\n\t\t\t\t\t\t\t\t\t<p style=\"text-align: justify; \">If you have decided to purchase our products through the website, we offer you the option of paying in three different ways:<\/p>\n<ul><li><b>Payment by cash on delivery<\/b> - You can pay in cash when picking up the shipment<\/li>\n<li><b>Payment by card<\/b> \u2013 MasterCard, Maestro, Visa, Dina or AmEx payment cards<\/li>\n<li><b>Advance payment<\/b> - By electronic payment or by filling in the payment slip and paying it to the account<\/li><\/ul>\t\t\t\t\t\t\t\t<\/div>\n\t\t\t\t<\/div>\n\t\t\t\t\t<\/div>\n\t\t\t\t<\/div>\n\t\t\t\t<\/div>","protected":false},"excerpt":{"rendered":"<p>Ukoliko ste se odlu\u010dili za kupovinu na\u0161ih proizvoda putem sajta, pru\u017eamo vam mogu\u0107nost pla\u0107anja na tri razli\u010dita na\u010dina: Pla\u0107anje pouze\u0107em<\/p>","protected":false},"author":1,"featured_media":0,"parent":15764,"menu_order":0,"comment_status":"closed","ping_status":"closed","template":"elementor_header_footer","meta":{"footnotes":""},"class_list":["post-15798","page","type-page","status-publish","hentry"],"_links":{"self":[{"href":"https:\/\/vatrometshop.com\/en\/wp-json\/wp\/v2\/pages\/15798","targetHints":{"allow":["GET"]}}],"collection":[{"href":"https:\/\/vatrometshop.com\/en\/wp-json\/wp\/v2\/pages"}],"about":[{"href":"https:\/\/vatrometshop.com\/en\/wp-json\/wp\/v2\/types\/page"}],"author":[{"embeddable":true,"href":"https:\/\/vatrometshop.com\/en\/wp-json\/wp\/v2\/users\/1"}],"replies":[{"embeddable":true,"href":"https:\/\/vatrometshop.com\/en\/wp-json\/wp\/v2\/comments?post=15798"}],"version-history":[{"count":0,"href":"https:\/\/vatrometshop.com\/en\/wp-json\/wp\/v2\/pages\/15798\/revisions"}],"up":[{"embeddable":true,"href":"https:\/\/vatrometshop.com\/en\/wp-json\/wp\/v2\/pages\/15764"}],"wp:attachment":[{"href":"https:\/\/vatrometshop.com\/en\/wp-json\/wp\/v2\/media?parent=15798"}],"curies":[{"name":"wp","href":"https:\/\/api.w.org\/{rel}","templated":true}]}}