{"id":30188,"date":"2026-02-27T09:48:12","date_gmt":"2026-02-27T08:48:12","guid":{"rendered":"https:\/\/vatrometshop.com\/?page_id=30188"},"modified":"2026-02-27T09:54:18","modified_gmt":"2026-02-27T08:54:18","slug":"blog","status":"publish","type":"page","link":"https:\/\/vatrometshop.com\/en\/blog\/","title":{"rendered":"Blog"},"content":{"rendered":"<div data-elementor-type=\"wp-page\" data-elementor-id=\"30188\" class=\"elementor elementor-30188\" data-elementor-post-type=\"page\">\n\t\t\t\t<div class=\"wd-negative-gap elementor-element elementor-element-95316b5 wd-section-stretch e-flex e-con-boxed e-con e-parent\" data-id=\"95316b5\" data-element_type=\"container\" data-e-type=\"container\" data-settings=\"{&quot;background_background&quot;:&quot;classic&quot;}\">\n\t\t\t\t\t<div class=\"e-con-inner\">\n\t\t<div class=\"elementor-element elementor-element-22eebad e-con-full e-flex e-con e-child\" data-id=\"22eebad\" data-element_type=\"container\" data-e-type=\"container\">\n\t\t\t\t<div class=\"elementor-element elementor-element-9b27c61 elementor-widget elementor-widget-heading\" data-id=\"9b27c61\" data-element_type=\"widget\" data-e-type=\"widget\" data-widget_type=\"heading.default\">\n\t\t\t\t<div class=\"elementor-widget-container\">\n\t\t\t\t\t<h1 class=\"elementor-heading-title elementor-size-default\"><span style=\"color: #B92122\">Blog<\/span> <br><\/h1>\t\t\t\t<\/div>\n\t\t\t\t<\/div>\n\t\t\t\t<div class=\"elementor-element elementor-element-25dadf3 elementor-widget elementor-widget-heading\" data-id=\"25dadf3\" data-element_type=\"widget\" data-e-type=\"widget\" data-widget_type=\"heading.default\">\n\t\t\t\t<div class=\"elementor-widget-container\">\n\t\t\t\t\t<div class=\"elementor-heading-title elementor-size-default\">with tips from our team<\/div>\t\t\t\t<\/div>\n\t\t\t\t<\/div>\n\t\t\t\t<div class=\"elementor-element elementor-element-dc8187a elementor-widget__width-initial elementor-widget elementor-widget-heading\" data-id=\"dc8187a\" data-element_type=\"widget\" data-e-type=\"widget\" data-widget_type=\"heading.default\">\n\t\t\t\t<div class=\"elementor-widget-container\">\n\t\t\t\t\t<p class=\"elementor-heading-title elementor-size-default\">Learn more about pyrotechnics and its uses, special effects and how they can make your moment magnificent. Find everything you're interested in or write to us to suggest new topics.<\/p>\t\t\t\t<\/div>\n\t\t\t\t<\/div>\n\t\t\t\t<\/div>\n\t\t<div class=\"elementor-element elementor-element-e4ac096 e-con-full e-flex e-con e-child\" data-id=\"e4ac096\" data-element_type=\"container\" data-e-type=\"container\">\n\t\t\t\t<\/div>\n\t\t\t\t\t<\/div>\n\t\t\t\t<\/div>\n\t\t<div class=\"wd-negative-gap elementor-element elementor-element-fb3897c e-flex e-con-boxed e-con e-parent\" data-id=\"fb3897c\" data-element_type=\"container\" data-e-type=\"container\">\n\t\t\t\t\t<div class=\"e-con-inner\">\n\t\t\t\t<div class=\"elementor-element elementor-element-38850e5 elementor-grid-3 elementor-grid-tablet-2 elementor-grid-mobile-1 elementor-posts--thumbnail-top elementor-card-shadow-yes elementor-posts__hover-gradient elementor-widget elementor-widget-posts\" data-id=\"38850e5\" data-element_type=\"widget\" data-e-type=\"widget\" data-settings=\"{&quot;cards_columns&quot;:&quot;3&quot;,&quot;cards_columns_tablet&quot;:&quot;2&quot;,&quot;cards_columns_mobile&quot;:&quot;1&quot;,&quot;cards_row_gap&quot;:{&quot;unit&quot;:&quot;px&quot;,&quot;size&quot;:35,&quot;sizes&quot;:[]},&quot;cards_row_gap_tablet&quot;:{&quot;unit&quot;:&quot;px&quot;,&quot;size&quot;:&quot;&quot;,&quot;sizes&quot;:[]},&quot;cards_row_gap_mobile&quot;:{&quot;unit&quot;:&quot;px&quot;,&quot;size&quot;:&quot;&quot;,&quot;sizes&quot;:[]}}\" data-widget_type=\"posts.cards\">\n\t\t\t\t<div class=\"elementor-widget-container\">\n\t\t\t\t\t\t\t<div class=\"elementor-posts-container elementor-posts elementor-posts--skin-cards elementor-grid\" role=\"list\">\n\t\t\t\t<article class=\"elementor-post elementor-grid-item post-30179 post type-post status-publish format-standard has-post-thumbnail hentry category-blog\" role=\"listitem\">\n\t\t\t<div class=\"elementor-post__card\">\n\t\t\t\t<a class=\"elementor-post__thumbnail__link\" href=\"https:\/\/vatrometshop.com\/en\/blog\/kako-napraviti-show-sa-specijalnim-efektima-za-svadbu\/\" tabindex=\"-1\" ><div class=\"elementor-post__thumbnail\"><img loading=\"lazy\" decoding=\"async\" width=\"400\" height=\"267\" src=\"https:\/\/vatrometshop.com\/wp-content\/uploads\/2024\/11\/vatromet-shop-13-400x267.webp\" class=\"attachment-medium size-medium wp-image-27828\" alt=\"\" srcset=\"https:\/\/vatrometshop.com\/wp-content\/uploads\/2024\/11\/vatromet-shop-13-400x267.webp 400w, https:\/\/vatrometshop.com\/wp-content\/uploads\/2024\/11\/vatromet-shop-13-768x512.webp 768w, https:\/\/vatrometshop.com\/wp-content\/uploads\/2024\/11\/vatromet-shop-13-430x287.webp 430w, https:\/\/vatrometshop.com\/wp-content\/uploads\/2024\/11\/vatromet-shop-13-700x467.webp 700w, https:\/\/vatrometshop.com\/wp-content\/uploads\/2024\/11\/vatromet-shop-13-150x100.webp 150w, https:\/\/vatrometshop.com\/wp-content\/uploads\/2024\/11\/vatromet-shop-13.webp 1080w\" sizes=\"auto, (max-width: 400px) 100vw, 400px\" \/><\/div><\/a>\n\t\t\t\t<div class=\"elementor-post__text\">\n\t\t\t\t<div class=\"elementor-post__title\">\n\t\t\t<a href=\"https:\/\/vatrometshop.com\/en\/blog\/kako-napraviti-show-sa-specijalnim-efektima-za-svadbu\/\" >\n\t\t\t\tHow to create a complete wedding show by combining special effects?\t\t\t<\/a>\n\t\t<\/div>\n\t\t\t\t<div class=\"elementor-post__excerpt\">\n\t\t\t<p>Dry ice for the first dance. Sparklers for the entrance. Confetti for the 'I do's. Fireworks for the cake. Each of these effects is on its own.<\/p>\n\t\t<\/div>\n\t\t\t\t<\/div>\n\t\t\t\t<div class=\"elementor-post__meta-data\">\n\t\t\t\t\t<span class=\"elementor-post-date\">\n\t\t\t27 February 2026\t\t<\/span>\n\t\t\t\t<span class=\"elementor-post-avatar\">\n\t\t\tNo Comments\t\t<\/span>\n\t\t\t\t<\/div>\n\t\t\t\t\t<\/div>\n\t\t<\/article>\n\t\t\t\t<article class=\"elementor-post elementor-grid-item post-30174 post type-post status-publish format-standard has-post-thumbnail hentry category-blog\" role=\"listitem\">\n\t\t\t<div class=\"elementor-post__card\">\n\t\t\t\t<a class=\"elementor-post__thumbnail__link\" href=\"https:\/\/vatrometshop.com\/en\/blog\/kako-pirotehnika-utice-na-zivotnu-sredinu-i-kucne-ljubimce\/\" tabindex=\"-1\" ><div class=\"elementor-post__thumbnail\"><img loading=\"lazy\" decoding=\"async\" width=\"400\" height=\"267\" src=\"https:\/\/vatrometshop.com\/wp-content\/uploads\/2026\/02\/Zastita-zivotinja-od-pirotehnike-400x267.webp\" class=\"attachment-medium size-medium wp-image-30176\" alt=\"Animal protection from pyrotechnics\" srcset=\"https:\/\/vatrometshop.com\/wp-content\/uploads\/2026\/02\/Zastita-zivotinja-od-pirotehnike-400x267.webp 400w, https:\/\/vatrometshop.com\/wp-content\/uploads\/2026\/02\/Zastita-zivotinja-od-pirotehnike-768x512.webp 768w, https:\/\/vatrometshop.com\/wp-content\/uploads\/2026\/02\/Zastita-zivotinja-od-pirotehnike-18x12.webp 18w, https:\/\/vatrometshop.com\/wp-content\/uploads\/2026\/02\/Zastita-zivotinja-od-pirotehnike-430x287.webp 430w, https:\/\/vatrometshop.com\/wp-content\/uploads\/2026\/02\/Zastita-zivotinja-od-pirotehnike-700x467.webp 700w, https:\/\/vatrometshop.com\/wp-content\/uploads\/2026\/02\/Zastita-zivotinja-od-pirotehnike-150x100.webp 150w, https:\/\/vatrometshop.com\/wp-content\/uploads\/2026\/02\/Zastita-zivotinja-od-pirotehnike.webp 1200w\" sizes=\"auto, (max-width: 400px) 100vw, 400px\" \/><\/div><\/a>\n\t\t\t\t<div class=\"elementor-post__text\">\n\t\t\t\t<div class=\"elementor-post__title\">\n\t\t\t<a href=\"https:\/\/vatrometshop.com\/en\/blog\/kako-pirotehnika-utice-na-zivotnu-sredinu-i-kucne-ljubimce\/\" >\n\t\t\t\tHow does pyrotechnics affect the environment and pets?\t\t\t<\/a>\n\t\t<\/div>\n\t\t\t\t<div class=\"elementor-post__excerpt\">\n\t\t\t<p>Fireworks in the sky above the city, sparklers at weddings, firecrackers for New Year's\u2014pyrotechnics have been part of celebration for as long as we can remember.<\/p>\n\t\t<\/div>\n\t\t\t\t<\/div>\n\t\t\t\t<div class=\"elementor-post__meta-data\">\n\t\t\t\t\t<span class=\"elementor-post-date\">\n\t\t\t27 February 2026\t\t<\/span>\n\t\t\t\t<span class=\"elementor-post-avatar\">\n\t\t\tNo Comments\t\t<\/span>\n\t\t\t\t<\/div>\n\t\t\t\t\t<\/div>\n\t\t<\/article>\n\t\t\t\t<article class=\"elementor-post elementor-grid-item post-30167 post type-post status-publish format-standard has-post-thumbnail hentry category-blog\" role=\"listitem\">\n\t\t\t<div class=\"elementor-post__card\">\n\t\t\t\t<a class=\"elementor-post__thumbnail__link\" href=\"https:\/\/vatrometshop.com\/en\/blog\/vodic-za-bezbedno-koriscenje-pirotehnike\/\" tabindex=\"-1\" ><div class=\"elementor-post__thumbnail\"><img loading=\"lazy\" decoding=\"async\" width=\"400\" height=\"267\" src=\"https:\/\/vatrometshop.com\/wp-content\/uploads\/2026\/02\/Bezbedno-koriscenje-pirotehnike-vodic-400x267.webp\" class=\"attachment-medium size-medium wp-image-30169\" alt=\"A Guide to the Safe Use of Pyrotechnics\" srcset=\"https:\/\/vatrometshop.com\/wp-content\/uploads\/2026\/02\/Bezbedno-koriscenje-pirotehnike-vodic-400x267.webp 400w, https:\/\/vatrometshop.com\/wp-content\/uploads\/2026\/02\/Bezbedno-koriscenje-pirotehnike-vodic-768x512.webp 768w, https:\/\/vatrometshop.com\/wp-content\/uploads\/2026\/02\/Bezbedno-koriscenje-pirotehnike-vodic-18x12.webp 18w, https:\/\/vatrometshop.com\/wp-content\/uploads\/2026\/02\/Bezbedno-koriscenje-pirotehnike-vodic-430x287.webp 430w, https:\/\/vatrometshop.com\/wp-content\/uploads\/2026\/02\/Bezbedno-koriscenje-pirotehnike-vodic-700x467.webp 700w, https:\/\/vatrometshop.com\/wp-content\/uploads\/2026\/02\/Bezbedno-koriscenje-pirotehnike-vodic-150x100.webp 150w, https:\/\/vatrometshop.com\/wp-content\/uploads\/2026\/02\/Bezbedno-koriscenje-pirotehnike-vodic.webp 1200w\" sizes=\"auto, (max-width: 400px) 100vw, 400px\" \/><\/div><\/a>\n\t\t\t\t<div class=\"elementor-post__text\">\n\t\t\t\t<div class=\"elementor-post__title\">\n\t\t\t<a href=\"https:\/\/vatrometshop.com\/en\/blog\/vodic-za-bezbedno-koriscenje-pirotehnike\/\" >\n\t\t\t\tA Guide to the Safe Use of Pyrotechnics: What the Law Says and How to Protect Yourself?\t\t\t<\/a>\n\t\t<\/div>\n\t\t\t\t<div class=\"elementor-post__excerpt\">\n\t\t\t<p>Fireworks, sparklers, smoke bombs, pyrotechnics are part of every great celebration. New Year, weddings, coming-of-age, sporting events, it's hard to imagine a celebration<\/p>\n\t\t<\/div>\n\t\t\t\t<\/div>\n\t\t\t\t<div class=\"elementor-post__meta-data\">\n\t\t\t\t\t<span class=\"elementor-post-date\">\n\t\t\t27 February 2026\t\t<\/span>\n\t\t\t\t<span class=\"elementor-post-avatar\">\n\t\t\tNo Comments\t\t<\/span>\n\t\t\t\t<\/div>\n\t\t\t\t\t<\/div>\n\t\t<\/article>\n\t\t\t\t<\/div>\n\t\t\n\t\t\t\t\t\t<\/div>\n\t\t\t\t<\/div>\n\t\t\t\t\t<\/div>\n\t\t\t\t<\/div>\n\t\t\t\t<\/div>","protected":false},"excerpt":{"rendered":"<p>Blog sa savetima na\u0161eg tima Saznaj vi\u0161e o pirotehnici i njenom kori\u0161\u0107enju, specijalnim efektima i kako oni mogu u\u010diniti tvoj<\/p>","protected":false},"author":313,"featured_media":0,"parent":0,"menu_order":0,"comment_status":"closed","ping_status":"closed","template":"","meta":{"footnotes":""},"class_list":["post-30188","page","type-page","status-publish","hentry"],"_links":{"self":[{"href":"https:\/\/vatrometshop.com\/en\/wp-json\/wp\/v2\/pages\/30188","targetHints":{"allow":["GET"]}}],"collection":[{"href":"https:\/\/vatrometshop.com\/en\/wp-json\/wp\/v2\/pages"}],"about":[{"href":"https:\/\/vatrometshop.com\/en\/wp-json\/wp\/v2\/types\/page"}],"author":[{"embeddable":true,"href":"https:\/\/vatrometshop.com\/en\/wp-json\/wp\/v2\/users\/313"}],"replies":[{"embeddable":true,"href":"https:\/\/vatrometshop.com\/en\/wp-json\/wp\/v2\/comments?post=30188"}],"version-history":[{"count":0,"href":"https:\/\/vatrometshop.com\/en\/wp-json\/wp\/v2\/pages\/30188\/revisions"}],"wp:attachment":[{"href":"https:\/\/vatrometshop.com\/en\/wp-json\/wp\/v2\/media?parent=30188"}],"curies":[{"name":"wp","href":"https:\/\/api.w.org\/{rel}","templated":true}]}}